{"id":27046,"date":"2026-03-18T13:15:51","date_gmt":"2026-03-18T13:15:51","guid":{"rendered":"https:\/\/test.bariscaymaz.me\/wp\/?post_type=product&#038;p=27046"},"modified":"2026-03-18T13:15:51","modified_gmt":"2026-03-18T13:15:51","slug":"wood-mdflam-suntalam-yuzey-dokulari","status":"publish","type":"product","link":"https:\/\/test.bariscaymaz.me\/wp\/urun\/wood-mdflam-suntalam-yuzey-dokulari\/","title":{"rendered":"WOOD MDFLAM \/ SUNTALAM Y\u00dcZEY DOKULARI"},"content":{"rendered":"","protected":false},"excerpt":{"rendered":"<p>Y\u0131ld\u0131z Entegre <\/p>\n","protected":false},"featured_media":21324,"comment_status":"open","ping_status":"closed","template":"","meta":[],"product_brand":[],"product_cat":[298],"product_tag":[],"class_list":{"0":"post-27046","1":"product","2":"type-product","3":"status-publish","4":"has-post-thumbnail","6":"product_cat-mdflam-suntalam-yuzey-dokulari","8":"first","9":"instock","10":"shipping-taxable","11":"product-type-simple"},"_links":{"self":[{"href":"https:\/\/test.bariscaymaz.me\/wp\/wp-json\/wp\/v2\/product\/27046","targetHints":{"allow":["GET"]}}],"collection":[{"href":"https:\/\/test.bariscaymaz.me\/wp\/wp-json\/wp\/v2\/product"}],"about":[{"href":"https:\/\/test.bariscaymaz.me\/wp\/wp-json\/wp\/v2\/types\/product"}],"replies":[{"embeddable":true,"href":"https:\/\/test.bariscaymaz.me\/wp\/wp-json\/wp\/v2\/comments?post=27046"}],"wp:featuredmedia":[{"embeddable":true,"href":"https:\/\/test.bariscaymaz.me\/wp\/wp-json\/wp\/v2\/media\/21324"}],"wp:attachment":[{"href":"https:\/\/test.bariscaymaz.me\/wp\/wp-json\/wp\/v2\/media?parent=27046"}],"wp:term":[{"taxonomy":"product_brand","embeddable":true,"href":"https:\/\/test.bariscaymaz.me\/wp\/wp-json\/wp\/v2\/product_brand?post=27046"},{"taxonomy":"product_cat","embeddable":true,"href":"https:\/\/test.bariscaymaz.me\/wp\/wp-json\/wp\/v2\/product_cat?post=27046"},{"taxonomy":"product_tag","embeddable":true,"href":"https:\/\/test.bariscaymaz.me\/wp\/wp-json\/wp\/v2\/product_tag?post=27046"}],"curies":[{"name":"wp","href":"https:\/\/api.w.org\/{rel}","templated":true}]}}