{"id":27017,"date":"2026-03-18T13:15:09","date_gmt":"2026-03-18T13:15:09","guid":{"rendered":"https:\/\/test.bariscaymaz.me\/wp\/?post_type=product&#038;p=27017"},"modified":"2026-03-18T13:15:10","modified_gmt":"2026-03-18T13:15:10","slug":"koyu-gri-kompakt-yogunluklu-lam-panel","status":"publish","type":"product","link":"https:\/\/test.bariscaymaz.me\/wp\/urun\/koyu-gri-kompakt-yogunluklu-lam-panel\/","title":{"rendered":"KOYU GR\u0130 KOMPAKT YO\u011eUNLUKLU LAM PANEL"},"content":{"rendered":"","protected":false},"excerpt":{"rendered":"<p>Y\u0131ld\u0131z Entegre <\/p>\n","protected":false},"featured_media":12285,"comment_status":"open","ping_status":"closed","template":"","meta":[],"product_brand":[],"product_cat":[219],"product_tag":[],"class_list":{"0":"post-27017","1":"product","2":"type-product","3":"status-publish","4":"has-post-thumbnail","6":"product_cat-kompakt-yogunluklu-lam-panel","8":"first","9":"instock","10":"shipping-taxable","11":"product-type-simple"},"_links":{"self":[{"href":"https:\/\/test.bariscaymaz.me\/wp\/wp-json\/wp\/v2\/product\/27017","targetHints":{"allow":["GET"]}}],"collection":[{"href":"https:\/\/test.bariscaymaz.me\/wp\/wp-json\/wp\/v2\/product"}],"about":[{"href":"https:\/\/test.bariscaymaz.me\/wp\/wp-json\/wp\/v2\/types\/product"}],"replies":[{"embeddable":true,"href":"https:\/\/test.bariscaymaz.me\/wp\/wp-json\/wp\/v2\/comments?post=27017"}],"wp:featuredmedia":[{"embeddable":true,"href":"https:\/\/test.bariscaymaz.me\/wp\/wp-json\/wp\/v2\/media\/12285"}],"wp:attachment":[{"href":"https:\/\/test.bariscaymaz.me\/wp\/wp-json\/wp\/v2\/media?parent=27017"}],"wp:term":[{"taxonomy":"product_brand","embeddable":true,"href":"https:\/\/test.bariscaymaz.me\/wp\/wp-json\/wp\/v2\/product_brand?post=27017"},{"taxonomy":"product_cat","embeddable":true,"href":"https:\/\/test.bariscaymaz.me\/wp\/wp-json\/wp\/v2\/product_cat?post=27017"},{"taxonomy":"product_tag","embeddable":true,"href":"https:\/\/test.bariscaymaz.me\/wp\/wp-json\/wp\/v2\/product_tag?post=27017"}],"curies":[{"name":"wp","href":"https:\/\/api.w.org\/{rel}","templated":true}]}}