{"id":26981,"date":"2026-03-18T13:14:42","date_gmt":"2026-03-18T13:14:42","guid":{"rendered":"https:\/\/test.bariscaymaz.me\/wp\/?post_type=product&#038;p=26981"},"modified":"2026-03-18T13:14:42","modified_gmt":"2026-03-18T13:14:42","slug":"sgl-vario-vizon-lak-panel","status":"publish","type":"product","link":"https:\/\/test.bariscaymaz.me\/wp\/urun\/sgl-vario-vizon-lak-panel\/","title":{"rendered":"SGL VAR\u0130O V\u0130ZON LAK PANEL"},"content":{"rendered":"","protected":false},"excerpt":{"rendered":"<p>Y\u0131ld\u0131z Entegre <\/p>\n","protected":false},"featured_media":24709,"comment_status":"open","ping_status":"closed","template":"","meta":[],"product_brand":[],"product_cat":[297],"product_tag":[],"class_list":{"0":"post-26981","1":"product","2":"type-product","3":"status-publish","4":"has-post-thumbnail","6":"product_cat-lak-panel","8":"first","9":"instock","10":"shipping-taxable","11":"product-type-simple"},"_links":{"self":[{"href":"https:\/\/test.bariscaymaz.me\/wp\/wp-json\/wp\/v2\/product\/26981","targetHints":{"allow":["GET"]}}],"collection":[{"href":"https:\/\/test.bariscaymaz.me\/wp\/wp-json\/wp\/v2\/product"}],"about":[{"href":"https:\/\/test.bariscaymaz.me\/wp\/wp-json\/wp\/v2\/types\/product"}],"replies":[{"embeddable":true,"href":"https:\/\/test.bariscaymaz.me\/wp\/wp-json\/wp\/v2\/comments?post=26981"}],"wp:featuredmedia":[{"embeddable":true,"href":"https:\/\/test.bariscaymaz.me\/wp\/wp-json\/wp\/v2\/media\/24709"}],"wp:attachment":[{"href":"https:\/\/test.bariscaymaz.me\/wp\/wp-json\/wp\/v2\/media?parent=26981"}],"wp:term":[{"taxonomy":"product_brand","embeddable":true,"href":"https:\/\/test.bariscaymaz.me\/wp\/wp-json\/wp\/v2\/product_brand?post=26981"},{"taxonomy":"product_cat","embeddable":true,"href":"https:\/\/test.bariscaymaz.me\/wp\/wp-json\/wp\/v2\/product_cat?post=26981"},{"taxonomy":"product_tag","embeddable":true,"href":"https:\/\/test.bariscaymaz.me\/wp\/wp-json\/wp\/v2\/product_tag?post=26981"}],"curies":[{"name":"wp","href":"https:\/\/api.w.org\/{rel}","templated":true}]}}