{"id":26401,"date":"2026-03-18T12:57:44","date_gmt":"2026-03-18T12:57:44","guid":{"rendered":"https:\/\/test.bariscaymaz.me\/wp\/?post_type=product&#038;p=26401"},"modified":"2026-03-18T12:57:44","modified_gmt":"2026-03-18T12:57:44","slug":"aytasi-pigmentli","status":"publish","type":"product","link":"https:\/\/test.bariscaymaz.me\/wp\/urun\/aytasi-pigmentli\/","title":{"rendered":"AYTA\u015eI (P\u0130GMENTL\u0130)"},"content":{"rendered":"","protected":false},"excerpt":{"rendered":"","protected":false},"featured_media":21520,"comment_status":"open","ping_status":"closed","template":"","meta":[],"product_brand":[248],"product_cat":[256],"product_tag":[239],"class_list":{"0":"post-26401","1":"product","2":"type-product","3":"status-publish","4":"has-post-thumbnail","6":"product_brand-kastamonu-entegre","7":"product_cat-lakli-panel","8":"product_tag-mattplus","10":"first","11":"instock","12":"shipping-taxable","13":"product-type-simple"},"_links":{"self":[{"href":"https:\/\/test.bariscaymaz.me\/wp\/wp-json\/wp\/v2\/product\/26401","targetHints":{"allow":["GET"]}}],"collection":[{"href":"https:\/\/test.bariscaymaz.me\/wp\/wp-json\/wp\/v2\/product"}],"about":[{"href":"https:\/\/test.bariscaymaz.me\/wp\/wp-json\/wp\/v2\/types\/product"}],"replies":[{"embeddable":true,"href":"https:\/\/test.bariscaymaz.me\/wp\/wp-json\/wp\/v2\/comments?post=26401"}],"wp:featuredmedia":[{"embeddable":true,"href":"https:\/\/test.bariscaymaz.me\/wp\/wp-json\/wp\/v2\/media\/21520"}],"wp:attachment":[{"href":"https:\/\/test.bariscaymaz.me\/wp\/wp-json\/wp\/v2\/media?parent=26401"}],"wp:term":[{"taxonomy":"product_brand","embeddable":true,"href":"https:\/\/test.bariscaymaz.me\/wp\/wp-json\/wp\/v2\/product_brand?post=26401"},{"taxonomy":"product_cat","embeddable":true,"href":"https:\/\/test.bariscaymaz.me\/wp\/wp-json\/wp\/v2\/product_cat?post=26401"},{"taxonomy":"product_tag","embeddable":true,"href":"https:\/\/test.bariscaymaz.me\/wp\/wp-json\/wp\/v2\/product_tag?post=26401"}],"curies":[{"name":"wp","href":"https:\/\/api.w.org\/{rel}","templated":true}]}}