{"id":10741,"date":"2025-09-23T17:38:43","date_gmt":"2025-09-23T17:38:43","guid":{"rendered":"https:\/\/test.bariscaymaz.me\/wp\/?page_id=10741"},"modified":"2026-03-06T21:44:08","modified_gmt":"2026-03-06T21:44:08","slug":"uretim","status":"publish","type":"page","link":"https:\/\/test.bariscaymaz.me\/wp\/uretim\/","title":{"rendered":"\u00dcretim"},"content":{"rendered":"<div class=\"wpb-content-wrapper\"><p>[vc_row css=&#8221;.vc_custom_1639400311289{margin-bottom: 40px !important;}&#8221; wd_z_index=&#8221;no&#8221; woodmart_css_id=&#8221;61b74373cd894&#8243; responsive_spacing=&#8221;eyJwYXJhbV90eXBlIjoid29vZG1hcnRfcmVzcG9uc2l2ZV9zcGFjaW5nIiwic2VsZWN0b3JfaWQiOiI2MWI3NDM3M2NkODk0Iiwic2hvcnRjb2RlIjoidmNfcm93IiwiZGF0YSI6eyJ0YWJsZXQiOnt9LCJtb2JpbGUiOnsibWFyZ2luLWJvdHRvbSI6IjIwcHgifX19&#8243; mobile_bg_img_hidden=&#8221;no&#8221; tablet_bg_img_hidden=&#8221;no&#8221; woodmart_parallax=&#8221;0&#8243; woodmart_gradient_switch=&#8221;no&#8221; row_reverse_mobile=&#8221;0&#8243; row_reverse_tablet=&#8221;0&#8243; woodmart_disable_overflow=&#8221;0&#8243; woodmart_box_shadow=&#8221;no&#8221;][vc_column]\n\t\t<div id=\"wd-698e11f96b3d7\" class=\"title-wrapper wd-wpb wd-set-mb reset-last-child  wd-rs-698e11f96b3d7 wd-title-color-default wd-title-style-default text-center vc_custom_1770918397456 wd-width-custom wd-underline-colored\">\n\t\t\t\n\t\t\t<div class=\"liner-continer\">\n\t\t\t\t<h4 class=\"woodmart-title-container title  wd-font-weight- wd-fontsize-xxl\" >T\u00fcm \u00fcretim sorular\u0131n\u0131z i\u00e7in buraday\u0131z.<\/h4>\n\t\t\t\t\t\t\t<\/div>\n\t\t\t\n\t\t\t\n\t\t\t\n\t\t<\/div>\n\t\t\n\t\t\t\t<div id=\"wd-698e120abb164\" class=\"wd-text-block wd-wpb reset-last-child wd-rs-698e120abb164 text-center wd-width-custom wd-fontsize-custom vc_custom_1770918413234\">\n\t\t\t<p>Ebatlama, CNC, delik delme ve kenar bantlama hizmetlerimiz hakk\u0131nda merak etti\u011finiz t\u00fcm detaylara buradan ula\u015fabilirsiniz.<br data-start=\"364\" data-end=\"367\" \/>Uzman ekibimiz \u00fcretim s\u00fcreci boyunca size destek sa\u011flar.<\/p>\n\t\t<\/div>\n\t\t<div id=\"wd-69a6062fc9927\" class=\" wd-rs-69a6062fc9927   wd-rs-69a6062fc9927 wd-button-wrapper text-center\"><a href=\"#contact-form-popup\" title=\"\" class=\"btn btn-color-primary btn-style-default btn-shape-semi-round btn-size-large wd-open-popup \">Daha Fazla Bilgi Al<\/a><\/div><div id=\"contact-form-popup\" class=\"wd-popup wd-popup-element mfp-hide\" style=\"--wd-popup-width:900px;\"><\/div>[vc_empty_space height=&#8221;20&#8243;][\/vc_column][\/vc_row][vc_row css=&#8221;.vc_custom_1638981424977{margin-bottom: 40px !important;}&#8221; woodmart_css_id=&#8221;61b0df2e2a5ff&#8221; responsive_spacing=&#8221;eyJwYXJhbV90eXBlIjoid29vZG1hcnRfcmVzcG9uc2l2ZV9zcGFjaW5nIiwic2VsZWN0b3JfaWQiOiI2MWIwZGYyZTJhNWZmIiwic2hvcnRjb2RlIjoidmNfcm93IiwiZGF0YSI6eyJ0YWJsZXQiOnt9LCJtb2JpbGUiOnt9fX0=&#8221; mobile_bg_img_hidden=&#8221;no&#8221; tablet_bg_img_hidden=&#8221;no&#8221; woodmart_parallax=&#8221;0&#8243; woodmart_gradient_switch=&#8221;no&#8221; woodmart_box_shadow=&#8221;no&#8221; wd_z_index=&#8221;no&#8221; woodmart_disable_overflow=&#8221;0&#8243; row_reverse_mobile=&#8221;0&#8243; row_reverse_tablet=&#8221;0&#8243;][vc_column width=&#8221;1\/5&#8243; css=&#8221;.vc_custom_1638981412362{margin-bottom: 40px !important;}&#8221; woodmart_css_id=&#8221;61b0df1e76ac3&#8243; parallax_scroll=&#8221;no&#8221; woodmart_sticky_column=&#8221;false&#8221; wd_collapsible_content_switcher=&#8221;no&#8221; mobile_bg_img_hidden=&#8221;no&#8221; tablet_bg_img_hidden=&#8221;no&#8221; woodmart_parallax=&#8221;0&#8243; woodmart_box_shadow=&#8221;no&#8221; mobile_reset_margin=&#8221;no&#8221; tablet_reset_margin=&#8221;no&#8221; wd_z_index=&#8221;no&#8221; responsive_spacing=&#8221;eyJwYXJhbV90eXBlIjoid29vZG1hcnRfcmVzcG9uc2l2ZV9zcGFjaW5nIiwic2VsZWN0b3JfaWQiOiI2MWIwZGYxZTc2YWMzIiwic2hvcnRjb2RlIjoidmNfY29sdW1uIiwiZGF0YSI6eyJ0YWJsZXQiOnt9LCJtb2JpbGUiOnt9fX0=&#8221;]\t\t<div class=\"promo-banner-wrapper  wd-rs-69ab4a8548de9 \">\n\t\t\t<div id=\"wd-69ab4a8548de9\" class=\"promo-banner  banner-mask banner-hover-zoom color-scheme-light banner-btn-size-default banner-btn-style-link  wd-with-link wd-underline-colored\">\n\t\t\t\t<div class=\"main-wrapp-img\">\n\t\t\t\t\t<div class=\"banner-image wd-bg-position-center\" >\n\t\t\t\t\t\t<img loading=\"lazy\" decoding=\"async\" width=\"290\" height=\"430\" src=\"https:\/\/test.bariscaymaz.me\/wp\/wp-content\/uploads\/2026\/02\/4-1.jpg\" class=\"attachment-607x900 size-607x900\" alt=\"\" \/>\t\t\t\t\t<\/div>\n\t\t\t\t<\/div>\n\n\t\t\t\t<div class=\"wrapper-content-banner wd-fill  wd-items-bottom wd-justify-left\">\n\t\t\t\t\t<div class=\"content-banner  text-left\">\n\t\t\t\t\t\t<div class=\"banner-subtitle subtitle-color-primary subtitle-style-background wd-fontsize-xs wd-font-weight-\">\u00dcretim Hizmetlerimiz<\/div><h4 class=\"banner-title wd-font-weight-400 wd-fontsize-l\">Ebatlama<br \/>\n\u0130\u015flemleri<\/h4>\t\t\t\t\t\t\n\t\t\t\t\t\t\n\t\t\t\t\t\t\t\t\t\t\t<\/div>\n\t\t\t\t<\/div>\n\n\t\t\t\t\t\t\t\t\t<a class=\"wd-promo-banner-link wd-fill\" aria-label=\"Banner link\" href=\"#\" title=\"\"><\/a>\n\t\t\t\t\n\t\t\t\t\t\t\t<\/div>\n\t\t<\/div>\n\n\t\t[\/vc_column][vc_column width=&#8221;1\/5&#8243; css=&#8221;.vc_custom_1638981416569{margin-bottom: 40px !important;}&#8221; woodmart_css_id=&#8221;61b0df25c96c0&#8243; parallax_scroll=&#8221;no&#8221; woodmart_sticky_column=&#8221;false&#8221; wd_collapsible_content_switcher=&#8221;no&#8221; mobile_bg_img_hidden=&#8221;no&#8221; tablet_bg_img_hidden=&#8221;no&#8221; woodmart_parallax=&#8221;0&#8243; woodmart_box_shadow=&#8221;no&#8221; mobile_reset_margin=&#8221;no&#8221; tablet_reset_margin=&#8221;no&#8221; wd_z_index=&#8221;no&#8221; responsive_spacing=&#8221;eyJwYXJhbV90eXBlIjoid29vZG1hcnRfcmVzcG9uc2l2ZV9zcGFjaW5nIiwic2VsZWN0b3JfaWQiOiI2MWIwZGYyNWM5NmMwIiwic2hvcnRjb2RlIjoidmNfY29sdW1uIiwiZGF0YSI6eyJ0YWJsZXQiOnt9LCJtb2JpbGUiOnt9fX0=&#8221;]\t\t<div class=\"promo-banner-wrapper  wd-rs-69ab4a8db5660 \">\n\t\t\t<div id=\"wd-69ab4a8db5660\" class=\"promo-banner  banner-mask banner-hover-zoom color-scheme-light banner-btn-size-default banner-btn-style-link  wd-with-link wd-underline-colored\">\n\t\t\t\t<div class=\"main-wrapp-img\">\n\t\t\t\t\t<div class=\"banner-image wd-bg-position-center\" >\n\t\t\t\t\t\t<img loading=\"lazy\" decoding=\"async\" width=\"290\" height=\"430\" src=\"https:\/\/test.bariscaymaz.me\/wp\/wp-content\/uploads\/2026\/02\/3-1.jpg\" class=\"attachment-607x900 size-607x900\" alt=\"\" \/>\t\t\t\t\t<\/div>\n\t\t\t\t<\/div>\n\n\t\t\t\t<div class=\"wrapper-content-banner wd-fill  wd-items-bottom wd-justify-left\">\n\t\t\t\t\t<div class=\"content-banner  text-left\">\n\t\t\t\t\t\t<div class=\"banner-subtitle subtitle-color-primary subtitle-style-background wd-fontsize-xs wd-font-weight-\">\u00dcretim Hizmetlerimiz<\/div><h4 class=\"banner-title wd-font-weight-400 wd-fontsize-l\">Kenar<br \/>\nBantlama<\/h4>\t\t\t\t\t\t\n\t\t\t\t\t\t\n\t\t\t\t\t\t\t\t\t\t\t<\/div>\n\t\t\t\t<\/div>\n\n\t\t\t\t\t\t\t\t\t<a class=\"wd-promo-banner-link wd-fill\" aria-label=\"Banner link\" href=\"#\" title=\"\"><\/a>\n\t\t\t\t\n\t\t\t\t\t\t\t<\/div>\n\t\t<\/div>\n\n\t\t[\/vc_column][vc_column width=&#8221;1\/5&#8243; css=&#8221;.vc_custom_1638981421009{margin-bottom: 40px !important;}&#8221; woodmart_css_id=&#8221;61b0df2a2e02f&#8221; parallax_scroll=&#8221;no&#8221; woodmart_sticky_column=&#8221;false&#8221; wd_collapsible_content_switcher=&#8221;no&#8221; mobile_bg_img_hidden=&#8221;no&#8221; tablet_bg_img_hidden=&#8221;no&#8221; woodmart_parallax=&#8221;0&#8243; woodmart_box_shadow=&#8221;no&#8221; mobile_reset_margin=&#8221;no&#8221; tablet_reset_margin=&#8221;no&#8221; wd_z_index=&#8221;no&#8221; responsive_spacing=&#8221;eyJwYXJhbV90eXBlIjoid29vZG1hcnRfcmVzcG9uc2l2ZV9zcGFjaW5nIiwic2VsZWN0b3JfaWQiOiI2MWIwZGYyYTJlMDJmIiwic2hvcnRjb2RlIjoidmNfY29sdW1uIiwiZGF0YSI6eyJ0YWJsZXQiOnt9LCJtb2JpbGUiOnt9fX0=&#8221;]\t\t<div class=\"promo-banner-wrapper  wd-rs-698e12c0d4da0 \">\n\t\t\t<div id=\"wd-698e12c0d4da0\" class=\"promo-banner  banner-mask banner-hover-zoom color-scheme-light banner-btn-size-default banner-btn-style-link  wd-with-link wd-underline-colored\">\n\t\t\t\t<div class=\"main-wrapp-img\">\n\t\t\t\t\t<div class=\"banner-image wd-bg-position-center\" >\n\t\t\t\t\t\t<img loading=\"lazy\" decoding=\"async\" width=\"290\" height=\"430\" src=\"https:\/\/test.bariscaymaz.me\/wp\/wp-content\/uploads\/2026\/02\/1-1.jpg\" class=\"attachment-607x900 size-607x900\" alt=\"\" \/>\t\t\t\t\t<\/div>\n\t\t\t\t<\/div>\n\n\t\t\t\t<div class=\"wrapper-content-banner wd-fill  wd-items-bottom wd-justify-left\">\n\t\t\t\t\t<div class=\"content-banner  text-left\">\n\t\t\t\t\t\t<div class=\"banner-subtitle subtitle-color-primary subtitle-style-background wd-fontsize-xs wd-font-weight-\">\u00dcretim Hizmetlerimiz<\/div><h4 class=\"banner-title wd-font-weight-400 wd-fontsize-l\">Cnc<br \/>\n\u0130\u015flemleri<\/h4>\t\t\t\t\t\t\n\t\t\t\t\t\t\n\t\t\t\t\t\t\t\t\t\t\t<\/div>\n\t\t\t\t<\/div>\n\n\t\t\t\t\t\t\t\t\t<a class=\"wd-promo-banner-link wd-fill\" aria-label=\"Banner link\" href=\"#\" title=\"\"><\/a>\n\t\t\t\t\n\t\t\t\t\t\t\t<\/div>\n\t\t<\/div>\n\n\t\t[\/vc_column][vc_column width=&#8221;1\/5&#8243;]\t\t<div class=\"promo-banner-wrapper  wd-rs-698e12cc88661 \">\n\t\t\t<div id=\"wd-698e12cc88661\" class=\"promo-banner  banner-mask banner-hover-zoom color-scheme-light banner-btn-size-default banner-btn-style-link  wd-with-link wd-underline-colored\">\n\t\t\t\t<div class=\"main-wrapp-img\">\n\t\t\t\t\t<div class=\"banner-image wd-bg-position-center\" >\n\t\t\t\t\t\t<img loading=\"lazy\" decoding=\"async\" width=\"290\" height=\"430\" src=\"https:\/\/test.bariscaymaz.me\/wp\/wp-content\/uploads\/2026\/02\/2-3.jpg\" class=\"attachment-607x900 size-607x900\" alt=\"\" \/>\t\t\t\t\t<\/div>\n\t\t\t\t<\/div>\n\n\t\t\t\t<div class=\"wrapper-content-banner wd-fill  wd-items-bottom wd-justify-left\">\n\t\t\t\t\t<div class=\"content-banner  text-left\">\n\t\t\t\t\t\t<div class=\"banner-subtitle subtitle-color-primary subtitle-style-background wd-fontsize-xs wd-font-weight-\">\u00dcretim Hizmetlerimiz<\/div><h4 class=\"banner-title wd-font-weight-400 wd-fontsize-l\">Delik<br \/>\nDelme<\/h4>\t\t\t\t\t\t\n\t\t\t\t\t\t\n\t\t\t\t\t\t\t\t\t\t\t<\/div>\n\t\t\t\t<\/div>\n\n\t\t\t\t\t\t\t\t\t<a class=\"wd-promo-banner-link wd-fill\" aria-label=\"Banner link\" href=\"#\" title=\"\"><\/a>\n\t\t\t\t\n\t\t\t\t\t\t\t<\/div>\n\t\t<\/div>\n\n\t\t[\/vc_column][vc_column width=&#8221;1\/5&#8243;]\t\t<div class=\"promo-banner-wrapper  wd-rs-69ab4a97953a3 \">\n\t\t\t<div id=\"wd-69ab4a97953a3\" class=\"promo-banner  banner-mask banner-hover-zoom color-scheme-light banner-btn-size-default banner-btn-style-link  wd-with-link wd-underline-colored\">\n\t\t\t\t<div class=\"main-wrapp-img\">\n\t\t\t\t\t<div class=\"banner-image wd-bg-position-center\" >\n\t\t\t\t\t\t<img loading=\"lazy\" decoding=\"async\" width=\"290\" height=\"430\" src=\"https:\/\/test.bariscaymaz.me\/wp\/wp-content\/uploads\/2026\/02\/5-1.jpg\" class=\"attachment-607x900 size-607x900\" alt=\"\" \/>\t\t\t\t\t<\/div>\n\t\t\t\t<\/div>\n\n\t\t\t\t<div class=\"wrapper-content-banner wd-fill  wd-items-bottom wd-justify-left\">\n\t\t\t\t\t<div class=\"content-banner  text-left\">\n\t\t\t\t\t\t<div class=\"banner-subtitle subtitle-color-primary subtitle-style-background wd-fontsize-xs wd-font-weight-\">\u00dcretim Hizmetlerimiz<\/div><h4 class=\"banner-title wd-font-weight-400 wd-fontsize-l\">E\u011frisel Kenar Bantlama<\/h4>\t\t\t\t\t\t\n\t\t\t\t\t\t\n\t\t\t\t\t\t\t\t\t\t\t<\/div>\n\t\t\t\t<\/div>\n\n\t\t\t\t\t\t\t\t\t<a class=\"wd-promo-banner-link wd-fill\" aria-label=\"Banner link\" href=\"#\" title=\"\"><\/a>\n\t\t\t\t\n\t\t\t\t\t\t\t<\/div>\n\t\t<\/div>\n\n\t\t[\/vc_column][\/vc_row][vc_row equal_height=&#8221;yes&#8221; css_animation=&#8221;fadeIn&#8221; css=&#8221;.vc_custom_1494510617612{margin-right: -50px !important;margin-left: -50px !important;}&#8221;][vc_column css=&#8221;.vc_custom_1496938621896{margin-bottom: 20px !important;border-right-width: 1px !important;padding-top: 15px !important;padding-right: 50px !important;padding-left: 50px !important;border-right-color: #e8e8e8 !important;border-right-style: solid !important;}&#8221; offset=&#8221;vc_col-lg-6 vc_col-md-6&#8243;]\n\t\t<div id=\"wd-699b41dfa2d60\" class=\"title-wrapper wd-wpb wd-set-mb reset-last-child  wd-rs-699b41dfa2d60 wd-title-color-default wd-title-style-default text-left  wd-underline-colored\">\n\t\t\t\n\t\t\t<div class=\"liner-continer\">\n\t\t\t\t<h4 class=\"woodmart-title-container title  wd-font-weight- wd-fontsize-l\" >S\u0130PAR\u0130\u015e VE \u00dcRET\u0130M B\u0130LG\u0130LER\u0130<\/h4>\n\t\t\t\t\t\t\t<\/div>\n\t\t\t\n\t\t\t\n\t\t\t\n\t\t<\/div>\n\t\t\n\t\t\n\t\t<div id=\"wd-618257e807c2a\" class=\"wd-accordion wd-wpb wd-rs-618257e807c2a  wd-style-default wd-titles-left wd-opener-pos-right wd-opener-style-arrow\" data-state=\"first\">\n\t\t\t\t\t\t\t\n\t\t\t\t\n\t\t\t\t<div class=\"wd-accordion-item\">\n\t\t\t\t\t<div class=\"wd-accordion-title wd-active font-text wd-fontsize-s wd-font-weight-600\" data-accordion-index=\"0\">\n\t\t\t\t\t\t<div class=\"wd-accordion-title-text\">\n\t\t\t\t\t\t\t\t\t\t\t\t\t\t<span>\n\t\t\t\t\t\t\t\t\u00dcretim s\u00fcresi ne kadar?\t\t\t\t\t\t\t<\/span>\n\t\t\t\t\t\t<\/div>\n\t\t\t\t\t\t<span class=\"wd-accordion-opener\"><\/span>\n\t\t\t\t\t<\/div>\n\n\t\t\t\t\t<div class=\"wd-accordion-content wd-entry-content wd-active\" data-accordion-index=\"0\">\n\t\t\t\t\t\t\t\t\t\t\t\t\t<p>\u00dcretim s\u00fcresi sipari\u015f yo\u011funlu\u011funa ve i\u015flem t\u00fcr\u00fcne g\u00f6re de\u011fi\u015fmektedir. Ortalama \u00fcretim s\u00fcresi sipari\u015f onay\u0131 sonras\u0131 2\u20135 i\u015f g\u00fcn\u00fcd\u00fcr.<\/p>\n\t\t\t\t\t\t\t\t\t\t\t<\/div>\n\t\t\t\t<\/div>\n\t\t\t\t\t\t\t\n\t\t\t\t\n\t\t\t\t<div class=\"wd-accordion-item\">\n\t\t\t\t\t<div class=\"wd-accordion-title font-text wd-fontsize-s wd-font-weight-600\" data-accordion-index=\"1\">\n\t\t\t\t\t\t<div class=\"wd-accordion-title-text\">\n\t\t\t\t\t\t\t\t\t\t\t\t\t\t<span>\n\t\t\t\t\t\t\t\tMinimum sipari\u015f adedi var m\u0131?\t\t\t\t\t\t\t<\/span>\n\t\t\t\t\t\t<\/div>\n\t\t\t\t\t\t<span class=\"wd-accordion-opener\"><\/span>\n\t\t\t\t\t<\/div>\n\n\t\t\t\t\t<div class=\"wd-accordion-content wd-entry-content\" data-accordion-index=\"1\">\n\t\t\t\t\t\t\t\t\t\t\t\t\t<p>Projenin kapsam\u0131na g\u00f6re de\u011fi\u015fiklik g\u00f6stermekle birlikte hem adetli hem seri \u00fcretim taleplerini kar\u015f\u0131l\u0131yoruz.<\/p>\n\t\t\t\t\t\t\t\t\t\t\t<\/div>\n\t\t\t\t<\/div>\n\t\t\t\t\t\t\t\n\t\t\t\t\n\t\t\t\t<div class=\"wd-accordion-item\">\n\t\t\t\t\t<div class=\"wd-accordion-title font-text wd-fontsize-s wd-font-weight-600\" data-accordion-index=\"2\">\n\t\t\t\t\t\t<div class=\"wd-accordion-title-text\">\n\t\t\t\t\t\t\t\t\t\t\t\t\t\t<span>\n\t\t\t\t\t\t\t\tStandart \u00f6l\u00e7\u00fcler d\u0131\u015f\u0131nda \u00f6zel \u00f6l\u00e7\u00fc \u00e7al\u0131\u015f\u0131yor musunuz?\t\t\t\t\t\t\t<\/span>\n\t\t\t\t\t\t<\/div>\n\t\t\t\t\t\t<span class=\"wd-accordion-opener\"><\/span>\n\t\t\t\t\t<\/div>\n\n\t\t\t\t\t<div class=\"wd-accordion-content wd-entry-content\" data-accordion-index=\"2\">\n\t\t\t\t\t\t\t\t\t\t\t\t\t<p>Projenize \u00f6zel delik \u00e7ap\u0131 ve yerle\u015fim plan\u0131na g\u00f6re \u00fcretim yap\u0131labilir.<\/p>\n\t\t\t\t\t\t\t\t\t\t\t<\/div>\n\t\t\t\t<\/div>\n\t\t\t\t\t\t\t\n\t\t\t\t\n\t\t\t\t<div class=\"wd-accordion-item\">\n\t\t\t\t\t<div class=\"wd-accordion-title font-text wd-fontsize-s wd-font-weight-600\" data-accordion-index=\"3\">\n\t\t\t\t\t\t<div class=\"wd-accordion-title-text\">\n\t\t\t\t\t\t\t\t\t\t\t\t\t\t<span>\n\t\t\t\t\t\t\t\tRenk uyumu sa\u011flanabiliyor mu?\t\t\t\t\t\t\t<\/span>\n\t\t\t\t\t\t<\/div>\n\t\t\t\t\t\t<span class=\"wd-accordion-opener\"><\/span>\n\t\t\t\t\t<\/div>\n\n\t\t\t\t\t<div class=\"wd-accordion-content wd-entry-content\" data-accordion-index=\"3\">\n\t\t\t\t\t\t\t\t\t\t\t\t\t<p>Panel dekoruna uygun renk ve desen se\u00e7enekleri mevcuttur.<\/p>\n\t\t\t\t\t\t\t\t\t\t\t<\/div>\n\t\t\t\t<\/div>\n\t\t\t\t\t\t\t\n\t\t\t\t\n\t\t\t\t<div class=\"wd-accordion-item\">\n\t\t\t\t\t<div class=\"wd-accordion-title font-text wd-fontsize-s wd-font-weight-600\" data-accordion-index=\"4\">\n\t\t\t\t\t\t<div class=\"wd-accordion-title-text\">\n\t\t\t\t\t\t\t\t\t\t\t\t\t\t<span>\n\t\t\t\t\t\t\t\tE\u011frisel kenar bantlama hangi formlarda uygulan\u0131r?\t\t\t\t\t\t\t<\/span>\n\t\t\t\t\t\t<\/div>\n\t\t\t\t\t\t<span class=\"wd-accordion-opener\"><\/span>\n\t\t\t\t\t<\/div>\n\n\t\t\t\t\t<div class=\"wd-accordion-content wd-entry-content\" data-accordion-index=\"4\">\n\t\t\t\t\t\t\t\t\t\t\t\t\t<p>Oval, dairesel ve \u00f6zel CNC kesimli formlara bant uygulanabilmektedir.<\/p>\n\t\t\t\t\t\t\t\t\t\t\t<\/div>\n\t\t\t\t<\/div>\n\t\t\t\t\t\t\t\t\t\t\t\t\t\t<\/div>\n\n\t\t[\/vc_column][vc_column css=&#8221;.vc_custom_1496938627545{margin-bottom: 20px !important;padding-top: 15px !important;padding-right: 50px !important;padding-left: 50px !important;}&#8221; offset=&#8221;vc_col-lg-6 vc_col-md-6&#8243;]\n\t\t<div id=\"wd-699b41e746799\" class=\"title-wrapper wd-wpb wd-set-mb reset-last-child  wd-rs-699b41e746799 wd-title-color-default wd-title-style-default text-left  wd-underline-colored\">\n\t\t\t\n\t\t\t<div class=\"liner-continer\">\n\t\t\t\t<h4 class=\"woodmart-title-container title  wd-font-weight- wd-fontsize-l\" >S\u0130PAR\u0130\u015e ONAY VE \u00d6DEME<\/h4>\n\t\t\t\t\t\t\t<\/div>\n\t\t\t\n\t\t\t\n\t\t\t\n\t\t<\/div>\n\t\t\n\t\t\n\t\t<div id=\"wd-618257efccdb8\" class=\"wd-accordion wd-wpb wd-rs-618257efccdb8  wd-style-default wd-titles-left wd-opener-pos-right wd-opener-style-arrow\" data-state=\"first\">\n\t\t\t\t\t\t\t\n\t\t\t\t\n\t\t\t\t<div class=\"wd-accordion-item\">\n\t\t\t\t\t<div class=\"wd-accordion-title wd-active font-text wd-fontsize-s wd-font-weight-600\" data-accordion-index=\"0\">\n\t\t\t\t\t\t<div class=\"wd-accordion-title-text\">\n\t\t\t\t\t\t\t\t\t\t\t\t\t\t<span>\n\t\t\t\t\t\t\t\tOnline sipari\u015f verebilir miyim?\t\t\t\t\t\t\t<\/span>\n\t\t\t\t\t\t<\/div>\n\t\t\t\t\t\t<span class=\"wd-accordion-opener\"><\/span>\n\t\t\t\t\t<\/div>\n\n\t\t\t\t\t<div class=\"wd-accordion-content wd-entry-content wd-active\" data-accordion-index=\"0\">\n\t\t\t\t\t\t\t\t\t\t\t\t\t<p>Evet. Web sitemizde yer alan <em data-start=\"288\" data-end=\"312\">Ebatlama Sipari\u015f Formu<\/em> \u00fczerinden \u00f6l\u00e7\u00fc ve detaylar\u0131 girerek kolayca sipari\u015f olu\u015fturabilirsiniz.<\/p>\n\t\t\t\t\t\t\t\t\t\t\t<\/div>\n\t\t\t\t<\/div>\n\t\t\t\t\t\t\t\n\t\t\t\t\n\t\t\t\t<div class=\"wd-accordion-item\">\n\t\t\t\t\t<div class=\"wd-accordion-title font-text wd-fontsize-s wd-font-weight-600\" data-accordion-index=\"1\">\n\t\t\t\t\t\t<div class=\"wd-accordion-title-text\">\n\t\t\t\t\t\t\t\t\t\t\t\t\t\t<span>\n\t\t\t\t\t\t\t\tSipari\u015f s\u00fcreci nas\u0131l ilerliyor?\t\t\t\t\t\t\t<\/span>\n\t\t\t\t\t\t<\/div>\n\t\t\t\t\t\t<span class=\"wd-accordion-opener\"><\/span>\n\t\t\t\t\t<\/div>\n\n\t\t\t\t\t<div class=\"wd-accordion-content wd-entry-content\" data-accordion-index=\"1\">\n\t\t\t\t\t\t\t\t\t\t\t\t\t<p>Form \u00fczerinden sipari\u015f olu\u015fturduktan sonra teknik ekip \u00f6l\u00e7\u00fc ve detaylar\u0131 kontrol eder. Onay sonras\u0131 \u00fcretim planlamaya al\u0131n\u0131r ve tamamland\u0131\u011f\u0131nda taraf\u0131n\u0131za bilgi verilir.<\/p>\n\t\t\t\t\t\t\t\t\t\t\t<\/div>\n\t\t\t\t<\/div>\n\t\t\t\t\t\t\t\n\t\t\t\t\n\t\t\t\t<div class=\"wd-accordion-item\">\n\t\t\t\t\t<div class=\"wd-accordion-title font-text wd-fontsize-s wd-font-weight-600\" data-accordion-index=\"2\">\n\t\t\t\t\t\t<div class=\"wd-accordion-title-text\">\n\t\t\t\t\t\t\t\t\t\t\t\t\t\t<span>\n\t\t\t\t\t\t\t\tTeknik \u00e7izim g\u00f6ndermem gerekiyor mu?\t\t\t\t\t\t\t<\/span>\n\t\t\t\t\t\t<\/div>\n\t\t\t\t\t\t<span class=\"wd-accordion-opener\"><\/span>\n\t\t\t\t\t<\/div>\n\n\t\t\t\t\t<div class=\"wd-accordion-content wd-entry-content\" data-accordion-index=\"2\">\n\t\t\t\t\t\t\t\t\t\t\t\t\t<p>Standart kesimler i\u00e7in sipari\u015f formu yeterlidir. \u00d6zel CNC i\u015flemleri veya proje bazl\u0131 \u00fcretimler i\u00e7in teknik \u00e7izim (DXF, DWG vb.) talep edilebilir.<\/p>\n\t\t\t\t\t\t\t\t\t\t\t<\/div>\n\t\t\t\t<\/div>\n\t\t\t\t\t\t\t\n\t\t\t\t\n\t\t\t\t<div class=\"wd-accordion-item\">\n\t\t\t\t\t<div class=\"wd-accordion-title font-text wd-fontsize-s wd-font-weight-600\" data-accordion-index=\"3\">\n\t\t\t\t\t\t<div class=\"wd-accordion-title-text\">\n\t\t\t\t\t\t\t\t\t\t\t\t\t\t<span>\n\t\t\t\t\t\t\t\tSipari\u015fimi de\u011fi\u015ftirebilir veya iptal edebilir miyim?\t\t\t\t\t\t\t<\/span>\n\t\t\t\t\t\t<\/div>\n\t\t\t\t\t\t<span class=\"wd-accordion-opener\"><\/span>\n\t\t\t\t\t<\/div>\n\n\t\t\t\t\t<div class=\"wd-accordion-content wd-entry-content\" data-accordion-index=\"3\">\n\t\t\t\t\t\t\t\t\t\t\t\t\t<p>\u00dcretim ba\u015flamadan \u00f6nce de\u011fi\u015fiklik veya iptal talebinde bulunabilirsiniz. \u00dcretime giren sipari\u015flerde de\u011fi\u015fiklik m\u00fcmk\u00fcn olmayabilir.<\/p>\n\t\t\t\t\t\t\t\t\t\t\t<\/div>\n\t\t\t\t<\/div>\n\t\t\t\t\t\t\t\n\t\t\t\t\n\t\t\t\t<div class=\"wd-accordion-item\">\n\t\t\t\t\t<div class=\"wd-accordion-title font-text wd-fontsize-s wd-font-weight-600\" data-accordion-index=\"4\">\n\t\t\t\t\t\t<div class=\"wd-accordion-title-text\">\n\t\t\t\t\t\t\t\t\t\t\t\t\t\t<span>\n\t\t\t\t\t\t\t\tSipari\u015f vermek i\u00e7in \u00fcye olmam gerekiyor mu?\t\t\t\t\t\t\t<\/span>\n\t\t\t\t\t\t<\/div>\n\t\t\t\t\t\t<span class=\"wd-accordion-opener\"><\/span>\n\t\t\t\t\t<\/div>\n\n\t\t\t\t\t<div class=\"wd-accordion-content wd-entry-content\" data-accordion-index=\"4\">\n\t\t\t\t\t\t\t\t\t\t\t\t\t<p>Hay\u0131r. Sipari\u015f formunu doldurarak \u00fcye olmadan da talep olu\u015fturabilirsiniz. Ancak sipari\u015f takibi i\u00e7in \u00fcyelik \u00f6nerilir.<\/p>\n\t\t\t\t\t\t\t\t\t\t\t<\/div>\n\t\t\t\t<\/div>\n\t\t\t\t\t\t\t\t\t\t\t\t\t\t<\/div>\n\n\t\t[\/vc_column][\/vc_row]<\/p>\n<\/div>","protected":false},"excerpt":{"rendered":"<p>[vc_row css=&#8221;.vc_custom_1639400311289{margin-bottom: 40px !important;}&#8221; wd_z_index=&#8221;no&#8221; woodmart_css_id=&#8221;61b74373cd894&#8243; responsive_spacing=&#8221;eyJwYXJhbV90eXBlIjoid29vZG1hcnRfcmVzcG9uc2l2ZV9zcGFjaW5nIiwic2VsZWN0b3JfaWQiOiI2MWI3NDM3M2NkODk0Iiwic2hvcnRjb2RlIjoidmNfcm93IiwiZGF0YSI6eyJ0YWJsZXQiOnt9LCJtb2JpbGUiOnsibWFyZ2luLWJvdHRvbSI6IjIwcHgifX19&#8243; mobile_bg_img_hidden=&#8221;no&#8221; tablet_bg_img_hidden=&#8221;no&#8221; woodmart_parallax=&#8221;0&#8243; woodmart_gradient_switch=&#8221;no&#8221; row_reverse_mobile=&#8221;0&#8243; row_reverse_tablet=&#8221;0&#8243; woodmart_disable_overflow=&#8221;0&#8243; woodmart_box_shadow=&#8221;no&#8221;][vc_column][vc_empty_space height=&#8221;20&#8243;][\/vc_column][\/vc_row][vc_row css=&#8221;.vc_custom_1638981424977{margin-bottom: 40px !important;}&#8221; woodmart_css_id=&#8221;61b0df2e2a5ff&#8221;<\/p>\n","protected":false},"author":1,"featured_media":0,"parent":0,"menu_order":0,"comment_status":"closed","ping_status":"closed","template":"","meta":{"footnotes":""},"class_list":["post-10741","page","type-page","status-publish","hentry"],"_links":{"self":[{"href":"https:\/\/test.bariscaymaz.me\/wp\/wp-json\/wp\/v2\/pages\/10741","targetHints":{"allow":["GET"]}}],"collection":[{"href":"https:\/\/test.bariscaymaz.me\/wp\/wp-json\/wp\/v2\/pages"}],"about":[{"href":"https:\/\/test.bariscaymaz.me\/wp\/wp-json\/wp\/v2\/types\/page"}],"author":[{"embeddable":true,"href":"https:\/\/test.bariscaymaz.me\/wp\/wp-json\/wp\/v2\/users\/1"}],"replies":[{"embeddable":true,"href":"https:\/\/test.bariscaymaz.me\/wp\/wp-json\/wp\/v2\/comments?post=10741"}],"version-history":[{"count":19,"href":"https:\/\/test.bariscaymaz.me\/wp\/wp-json\/wp\/v2\/pages\/10741\/revisions"}],"predecessor-version":[{"id":20676,"href":"https:\/\/test.bariscaymaz.me\/wp\/wp-json\/wp\/v2\/pages\/10741\/revisions\/20676"}],"wp:attachment":[{"href":"https:\/\/test.bariscaymaz.me\/wp\/wp-json\/wp\/v2\/media?parent=10741"}],"curies":[{"name":"wp","href":"https:\/\/api.w.org\/{rel}","templated":true}]}}